{"id":738,"date":"2021-02-16T01:02:18","date_gmt":"2021-02-16T01:02:18","guid":{"rendered":"http:\/\/zwa.jka.mybluehost.me\/?page_id=738"},"modified":"2025-04-22T18:32:09","modified_gmt":"2025-04-22T18:32:09","slug":"impressum","status":"publish","type":"page","link":"https:\/\/www.annika-zang.com\/en\/impressum\/","title":{"rendered":"IMPRESSUM"},"content":{"rendered":"<div data-elementor-type=\"wp-page\" data-elementor-id=\"738\" class=\"elementor elementor-738\" data-elementor-post-type=\"page\">\n\t\t\t\t\t\t<section class=\"elementor-section elementor-top-section elementor-element elementor-element-1564e7b7 elementor-section-boxed elementor-section-height-default elementor-section-height-default\" data-id=\"1564e7b7\" data-element_type=\"section\" data-e-type=\"section\">\n\t\t\t\t\t\t<div class=\"elementor-container elementor-column-gap-default\">\n\t\t\t\t\t<div class=\"elementor-column elementor-col-100 elementor-top-column elementor-element elementor-element-a7819b7\" data-id=\"a7819b7\" data-element_type=\"column\" data-e-type=\"column\">\n\t\t\t<div class=\"elementor-widget-wrap elementor-element-populated\">\n\t\t\t\t\t\t<div class=\"elementor-element elementor-element-559f4dfe animated-fast elementor-invisible elementor-widget elementor-widget-heading\" data-id=\"559f4dfe\" data-element_type=\"widget\" data-e-type=\"widget\" data-settings=\"{&quot;_animation&quot;:&quot;fadeIn&quot;}\" data-widget_type=\"heading.default\">\n\t\t\t\t<div class=\"elementor-widget-container\">\n\t\t\t\t\t<h3 class=\"elementor-heading-title elementor-size-default\">Impressum<\/h3>\t\t\t\t<\/div>\n\t\t\t\t<\/div>\n\t\t\t\t<div class=\"elementor-element elementor-element-3ace536 elementor-widget elementor-widget-text-editor\" data-id=\"3ace536\" data-element_type=\"widget\" data-e-type=\"widget\" data-widget_type=\"text-editor.default\">\n\t\t\t\t<div class=\"elementor-widget-container\">\n\t\t\t\t\t\t\t\t\t<p><strong>Information pursuant to \u00a7 5 TMG<\/strong> <strong>TMG&nbsp;<\/strong><br>Annika Zang<br>Am dicken Turm 1a<br>97082 W\u00fcrzburg<\/p>\n<p><strong>Contact&nbsp;<\/strong><br>Phone: +4915906806904<br>E-Mail: info@annika-zang.com<\/p>\n<p><strong>Represented by:<\/strong> Annika Zang<br>Umsatzsteuer-ID: 257\/292\/10415<\/p>\n<p><strong>Dispute resolution&nbsp;<\/strong><br>The European Commission provides a platform for online dispute resolution (ODR):&nbsp;<a href=\"https:\/\/ec.europa.eu\/consumers\/odr\">https:\/\/ec.europa.eu\/consumers\/odr<\/a>Our email address can be found above in the imprint.&nbsp;<br>We are neither willing nor obliged to participate in dispute resolution proceedings before a consumer arbitration board&nbsp;<\/p>\n<p class=\"translation-block\"><strong>Liability for Content<\/strong><br>  \nAs a service provider, we are responsible for our own content on these pages in accordance with \u00a7 7 Abs.1 TMG under general laws. However, according to \u00a7\u00a7 8 to 10 TMG, we as service providers are not obligated to monitor transmitted or stored third-party information or to investigate circumstances that indicate illegal activity.<br>  \nObligations to remove or block the use of information under general laws remain unaffected. However, liability in this regard is only possible from the time of knowledge of a specific legal violation. Upon becoming aware of such legal violations, we will remove this content immediately.<\/p>\n<p class=\"translation-block\"><strong>Liability for Links<\/strong><br>  \nOur website contains links to external third-party websites, over whose content we have no influence. Therefore, we cannot assume any liability for this external content. The respective provider or operator of the linked pages is always responsible for their content. The linked pages were checked for possible legal violations at the time of linking. No illegal content was recognizable at the time of linking.<br>  \nHowever, permanent content monitoring of the linked pages is not reasonable without concrete indications of a legal violation. Upon becoming aware of legal violations, we will remove such links immediately.<\/p>\n<p class=\"translation-block\"><strong>Copyright<\/strong><br>  \nThe content and works created by the site operators on these pages are subject to German copyright law. The reproduction, editing, distribution, and any kind of exploitation outside the limits of copyright law require the written consent of the respective author or creator. Downloads and copies of this site are only permitted for private, non-commercial use.<br>  \nInsofar as the content on this site was not created by the operator, the copyrights of third parties are respected. In particular, third-party content is marked as such. Should you nevertheless become aware of a copyright infringement, please inform us accordingly. Upon becoming aware of legal violations, we will remove such content immediately.<\/p>\n<p class=\"translation-block\"><strong>Consent to the Use of Data<\/strong> <strong>and Documents<\/strong><br>  \nIn order to receive a quote, use our language services, and enter into a service contract, it may be necessary for the interested party to provide personal data such as a postal or email address, telephone number, and full name, as well as to send scanned documents. The provided personal data may need to be stored in a customer file to prepare a quote and\/or subsequently provide the requested service.<br>  \nBy submitting my\/our data and documents\/the data and documents of our customer (applies to agencies) in relation to the requested service or to receive a quote, I\/we hereby agree that my data\/the customer\u2019s data may be used and processed by us in accordance with the applicable data protection regulations. I\/we have been informed that my personal data\/the customer\u2019s personal data will be collected, processed, and used by us for the above-mentioned purposes in compliance with the General Data Protection Regulation (EU GDPR).  \nRights of the data subjects: Information, access, modification, deletion, blocking, and the right to object.<\/p>\n<p class=\"translation-block\">I\/We understand that, according to Article 15 of the GDPR, I\/we have the right to request Annika-Zang.com to provide me\/us with comprehensive information about the data stored about me\/the customer (applies to agencies).<br>  \nAccording to Article 17 of the GDPR, I\/we may request Annika-Zang.com to modify, delete, and\/or block individual personal data.<\/p>\n<p>Furthermore, I\/we have the right to exercise my\/our right to object without providing reasons and without any negative consequences for me\/us or our company. I\/we may also modify or fully revoke this consent declaration for the future.  \nThe objection can be sent via email to Annika-Zang.com.<br>Ich sende meine Widerspruchserkl\u00e4rung an:&nbsp;info@annika-zang.com.<\/p>\t\t\t\t\t\t\t\t<\/div>\n\t\t\t\t<\/div>\n\t\t\t\t\t<\/div>\n\t\t<\/div>\n\t\t\t\t\t<\/div>\n\t\t<\/section>\n\t\t\t\t<section class=\"elementor-section elementor-top-section elementor-element elementor-element-188a834 elementor-section-boxed elementor-section-height-default elementor-section-height-default\" data-id=\"188a834\" data-element_type=\"section\" data-e-type=\"section\">\n\t\t\t\t\t\t<div class=\"elementor-container elementor-column-gap-default\">\n\t\t\t\t\t<div class=\"elementor-column elementor-col-100 elementor-top-column elementor-element elementor-element-45a105a\" data-id=\"45a105a\" data-element_type=\"column\" data-e-type=\"column\">\n\t\t\t<div class=\"elementor-widget-wrap\">\n\t\t\t\t\t\t\t<\/div>\n\t\t<\/div>\n\t\t\t\t\t<\/div>\n\t\t<\/section>\n\t\t\t\t<\/div>","protected":false},"excerpt":{"rendered":"<p>Impressum Angaben gem\u00e4\u00df \u00a7 5 TMG&nbsp;Annika ZangAm dicken Turm 1a97082 W\u00fcrzburg Kontakt&nbsp;Telefon: +4915906806904E-Mail: info@annika-zang.com Verteten durch: Annika ZangUmsatzsteuer-ID: 257\/292\/10415 Streitschlichtung&nbsp;Die Europ\u00e4ische Kommission stellt eine Plattform zur Online-Streitbeilegung (OS) bereit:&nbsp;https:\/\/ec.europa.eu\/consumers\/odr. Unsere E-Mail-Adresse finden Sie oben im Impressum.&nbsp;Wir sind nicht bereit oder verpflichtet, an Streitbeilegungsverfahren vor einer Verbraucherschlichtungsstelle teilzunehmen.&nbsp; Haftung f\u00fcr Inhalte&nbsp;Als Diensteanbieter sind wir gem\u00e4\u00df \u00a7 [&hellip;]<\/p>\n","protected":false},"author":2,"featured_media":0,"parent":0,"menu_order":0,"comment_status":"closed","ping_status":"closed","template":"","meta":{"nf_dc_page":"","om_disable_all_campaigns":false,"_monsterinsights_skip_tracking":false,"_monsterinsights_sitenote_active":false,"_monsterinsights_sitenote_note":"","_monsterinsights_sitenote_category":0,"site-sidebar-layout":"no-sidebar","site-content-layout":"page-builder","ast-site-content-layout":"default","site-content-style":"default","site-sidebar-style":"default","ast-global-header-display":"","ast-banner-title-visibility":"","ast-main-header-display":"","ast-hfb-above-header-display":"","ast-hfb-below-header-display":"","ast-hfb-mobile-header-display":"","site-post-title":"disabled","ast-breadcrumbs-content":"","ast-featured-img":"disabled","footer-sml-layout":"","ast-disable-related-posts":"","theme-transparent-header-meta":"default","adv-header-id-meta":"","stick-header-meta":"","header-above-stick-meta":"","header-main-stick-meta":"","header-below-stick-meta":"","astra-migrate-meta-layouts":"default","ast-page-background-enabled":"default","ast-page-background-meta":{"desktop":{"background-color":"","background-image":"","background-repeat":"repeat","background-position":"center center","background-size":"auto","background-attachment":"scroll","background-type":"","background-media":"","overlay-type":"","overlay-color":"","overlay-opacity":"","overlay-gradient":""},"tablet":{"background-color":"","background-image":"","background-repeat":"repeat","background-position":"center center","background-size":"auto","background-attachment":"scroll","background-type":"","background-media":"","overlay-type":"","overlay-color":"","overlay-opacity":"","overlay-gradient":""},"mobile":{"background-color":"","background-image":"","background-repeat":"repeat","background-position":"center center","background-size":"auto","background-attachment":"scroll","background-type":"","background-media":"","overlay-type":"","overlay-color":"","overlay-opacity":"","overlay-gradient":""}},"ast-content-background-meta":{"desktop":{"background-color":"var(--ast-global-color-5)","background-image":"","background-repeat":"repeat","background-position":"center center","background-size":"auto","background-attachment":"scroll","background-type":"","background-media":"","overlay-type":"","overlay-color":"","overlay-opacity":"","overlay-gradient":""},"tablet":{"background-color":"var(--ast-global-color-5)","background-image":"","background-repeat":"repeat","background-position":"center center","background-size":"auto","background-attachment":"scroll","background-type":"","background-media":"","overlay-type":"","overlay-color":"","overlay-opacity":"","overlay-gradient":""},"mobile":{"background-color":"var(--ast-global-color-5)","background-image":"","background-repeat":"repeat","background-position":"center center","background-size":"auto","background-attachment":"scroll","background-type":"","background-media":"","overlay-type":"","overlay-color":"","overlay-opacity":"","overlay-gradient":""}},"footnotes":""},"class_list":["post-738","page","type-page","status-publish","hentry"],"yoast_head":"<!-- This site is optimized with the Yoast SEO plugin v27.4 - https:\/\/yoast.com\/product\/yoast-seo-wordpress\/ -->\n<title>IMPRESSUM - Annika Zang<\/title>\n<meta name=\"robots\" content=\"index, follow, max-snippet:-1, max-image-preview:large, max-video-preview:-1\" \/>\n<link rel=\"canonical\" href=\"https:\/\/www.annika-zang.com\/en\/impressum\/\" \/>\n<meta property=\"og:locale\" content=\"en_US\" \/>\n<meta property=\"og:type\" content=\"article\" \/>\n<meta property=\"og:title\" content=\"IMPRESSUM - Annika Zang\" \/>\n<meta property=\"og:description\" content=\"Impressum Angaben gem\u00e4\u00df \u00a7 5 TMG&nbsp;Annika ZangAm dicken Turm 1a97082 W\u00fcrzburg Kontakt&nbsp;Telefon: +4915906806904E-Mail: info@annika-zang.com Verteten durch: Annika ZangUmsatzsteuer-ID: 257\/292\/10415 Streitschlichtung&nbsp;Die Europ\u00e4ische Kommission stellt eine Plattform zur Online-Streitbeilegung (OS) bereit:&nbsp;https:\/\/ec.europa.eu\/consumers\/odr. Unsere E-Mail-Adresse finden Sie oben im Impressum.&nbsp;Wir sind nicht bereit oder verpflichtet, an Streitbeilegungsverfahren vor einer Verbraucherschlichtungsstelle teilzunehmen.&nbsp; Haftung f\u00fcr Inhalte&nbsp;Als Diensteanbieter sind wir gem\u00e4\u00df \u00a7 [&hellip;]\" \/>\n<meta property=\"og:url\" content=\"https:\/\/www.annika-zang.com\/en\/impressum\/\" \/>\n<meta property=\"og:site_name\" content=\"Annika Zang\" \/>\n<meta property=\"article:modified_time\" content=\"2025-04-22T18:32:09+00:00\" \/>\n<meta name=\"twitter:card\" content=\"summary_large_image\" \/>\n<meta name=\"twitter:label1\" content=\"Est. reading time\" \/>\n\t<meta name=\"twitter:data1\" content=\"3 minutes\" \/>\n<script type=\"application\/ld+json\" class=\"yoast-schema-graph\">{\"@context\":\"https:\\\/\\\/schema.org\",\"@graph\":[{\"@type\":\"WebPage\",\"@id\":\"https:\\\/\\\/www.annika-zang.com\\\/impressum\\\/\",\"url\":\"https:\\\/\\\/www.annika-zang.com\\\/impressum\\\/\",\"name\":\"IMPRESSUM - Annika Zang\",\"isPartOf\":{\"@id\":\"https:\\\/\\\/www.annika-zang.com\\\/#website\"},\"datePublished\":\"2021-02-16T01:02:18+00:00\",\"dateModified\":\"2025-04-22T18:32:09+00:00\",\"breadcrumb\":{\"@id\":\"https:\\\/\\\/www.annika-zang.com\\\/impressum\\\/#breadcrumb\"},\"inLanguage\":\"en-US\",\"potentialAction\":[{\"@type\":\"ReadAction\",\"target\":[\"https:\\\/\\\/www.annika-zang.com\\\/impressum\\\/\"]}]},{\"@type\":\"BreadcrumbList\",\"@id\":\"https:\\\/\\\/www.annika-zang.com\\\/impressum\\\/#breadcrumb\",\"itemListElement\":[{\"@type\":\"ListItem\",\"position\":1,\"name\":\"Home\",\"item\":\"https:\\\/\\\/www.annika-zang.com\\\/\"},{\"@type\":\"ListItem\",\"position\":2,\"name\":\"IMPRESSUM\"}]},{\"@type\":\"WebSite\",\"@id\":\"https:\\\/\\\/www.annika-zang.com\\\/#website\",\"url\":\"https:\\\/\\\/www.annika-zang.com\\\/\",\"name\":\"Annika Zang\",\"description\":\"\",\"publisher\":{\"@id\":\"https:\\\/\\\/www.annika-zang.com\\\/#organization\"},\"potentialAction\":[{\"@type\":\"SearchAction\",\"target\":{\"@type\":\"EntryPoint\",\"urlTemplate\":\"https:\\\/\\\/www.annika-zang.com\\\/?s={search_term_string}\"},\"query-input\":{\"@type\":\"PropertyValueSpecification\",\"valueRequired\":true,\"valueName\":\"search_term_string\"}}],\"inLanguage\":\"en-US\"},{\"@type\":\"Organization\",\"@id\":\"https:\\\/\\\/www.annika-zang.com\\\/#organization\",\"name\":\"Annika Zang\",\"url\":\"https:\\\/\\\/www.annika-zang.com\\\/\",\"logo\":{\"@type\":\"ImageObject\",\"inLanguage\":\"en-US\",\"@id\":\"https:\\\/\\\/www.annika-zang.com\\\/#\\\/schema\\\/logo\\\/image\\\/\",\"url\":\"https:\\\/\\\/i0.wp.com\\\/www.annika-zang.com\\\/wp-content\\\/uploads\\\/2025\\\/05\\\/cropped-Kein-Titel-Deine-Geschichte-1080-%C3%97-1200-px-1080-x-1350-px.png?fit=512%2C512&ssl=1\",\"contentUrl\":\"https:\\\/\\\/i0.wp.com\\\/www.annika-zang.com\\\/wp-content\\\/uploads\\\/2025\\\/05\\\/cropped-Kein-Titel-Deine-Geschichte-1080-%C3%97-1200-px-1080-x-1350-px.png?fit=512%2C512&ssl=1\",\"width\":512,\"height\":512,\"caption\":\"Annika Zang\"},\"image\":{\"@id\":\"https:\\\/\\\/www.annika-zang.com\\\/#\\\/schema\\\/logo\\\/image\\\/\"}}]}<\/script>\n<!-- \/ Yoast SEO plugin. -->","yoast_head_json":{"title":"IMPRESSUM - Annika Zang","robots":{"index":"index","follow":"follow","max-snippet":"max-snippet:-1","max-image-preview":"max-image-preview:large","max-video-preview":"max-video-preview:-1"},"canonical":"https:\/\/www.annika-zang.com\/en\/impressum\/","og_locale":"en_US","og_type":"article","og_title":"IMPRESSUM - Annika Zang","og_description":"Impressum Angaben gem\u00e4\u00df \u00a7 5 TMG&nbsp;Annika ZangAm dicken Turm 1a97082 W\u00fcrzburg Kontakt&nbsp;Telefon: +4915906806904E-Mail: info@annika-zang.com Verteten durch: Annika ZangUmsatzsteuer-ID: 257\/292\/10415 Streitschlichtung&nbsp;Die Europ\u00e4ische Kommission stellt eine Plattform zur Online-Streitbeilegung (OS) bereit:&nbsp;https:\/\/ec.europa.eu\/consumers\/odr. Unsere E-Mail-Adresse finden Sie oben im Impressum.&nbsp;Wir sind nicht bereit oder verpflichtet, an Streitbeilegungsverfahren vor einer Verbraucherschlichtungsstelle teilzunehmen.&nbsp; Haftung f\u00fcr Inhalte&nbsp;Als Diensteanbieter sind wir gem\u00e4\u00df \u00a7 [&hellip;]","og_url":"https:\/\/www.annika-zang.com\/en\/impressum\/","og_site_name":"Annika Zang","article_modified_time":"2025-04-22T18:32:09+00:00","twitter_card":"summary_large_image","twitter_misc":{"Est. reading time":"3 minutes"},"schema":{"@context":"https:\/\/schema.org","@graph":[{"@type":"WebPage","@id":"https:\/\/www.annika-zang.com\/impressum\/","url":"https:\/\/www.annika-zang.com\/impressum\/","name":"IMPRESSUM - Annika Zang","isPartOf":{"@id":"https:\/\/www.annika-zang.com\/#website"},"datePublished":"2021-02-16T01:02:18+00:00","dateModified":"2025-04-22T18:32:09+00:00","breadcrumb":{"@id":"https:\/\/www.annika-zang.com\/impressum\/#breadcrumb"},"inLanguage":"en-US","potentialAction":[{"@type":"ReadAction","target":["https:\/\/www.annika-zang.com\/impressum\/"]}]},{"@type":"BreadcrumbList","@id":"https:\/\/www.annika-zang.com\/impressum\/#breadcrumb","itemListElement":[{"@type":"ListItem","position":1,"name":"Home","item":"https:\/\/www.annika-zang.com\/"},{"@type":"ListItem","position":2,"name":"IMPRESSUM"}]},{"@type":"WebSite","@id":"https:\/\/www.annika-zang.com\/#website","url":"https:\/\/www.annika-zang.com\/","name":"Annika Zang","description":"","publisher":{"@id":"https:\/\/www.annika-zang.com\/#organization"},"potentialAction":[{"@type":"SearchAction","target":{"@type":"EntryPoint","urlTemplate":"https:\/\/www.annika-zang.com\/?s={search_term_string}"},"query-input":{"@type":"PropertyValueSpecification","valueRequired":true,"valueName":"search_term_string"}}],"inLanguage":"en-US"},{"@type":"Organization","@id":"https:\/\/www.annika-zang.com\/#organization","name":"Annika Zang","url":"https:\/\/www.annika-zang.com\/","logo":{"@type":"ImageObject","inLanguage":"en-US","@id":"https:\/\/www.annika-zang.com\/#\/schema\/logo\/image\/","url":"https:\/\/i0.wp.com\/www.annika-zang.com\/wp-content\/uploads\/2025\/05\/cropped-Kein-Titel-Deine-Geschichte-1080-%C3%97-1200-px-1080-x-1350-px.png?fit=512%2C512&ssl=1","contentUrl":"https:\/\/i0.wp.com\/www.annika-zang.com\/wp-content\/uploads\/2025\/05\/cropped-Kein-Titel-Deine-Geschichte-1080-%C3%97-1200-px-1080-x-1350-px.png?fit=512%2C512&ssl=1","width":512,"height":512,"caption":"Annika Zang"},"image":{"@id":"https:\/\/www.annika-zang.com\/#\/schema\/logo\/image\/"}}]}},"jetpack_sharing_enabled":true,"_links":{"self":[{"href":"https:\/\/www.annika-zang.com\/en\/wp-json\/wp\/v2\/pages\/738","targetHints":{"allow":["GET"]}}],"collection":[{"href":"https:\/\/www.annika-zang.com\/en\/wp-json\/wp\/v2\/pages"}],"about":[{"href":"https:\/\/www.annika-zang.com\/en\/wp-json\/wp\/v2\/types\/page"}],"author":[{"embeddable":true,"href":"https:\/\/www.annika-zang.com\/en\/wp-json\/wp\/v2\/users\/2"}],"replies":[{"embeddable":true,"href":"https:\/\/www.annika-zang.com\/en\/wp-json\/wp\/v2\/comments?post=738"}],"version-history":[{"count":5,"href":"https:\/\/www.annika-zang.com\/en\/wp-json\/wp\/v2\/pages\/738\/revisions"}],"predecessor-version":[{"id":4531,"href":"https:\/\/www.annika-zang.com\/en\/wp-json\/wp\/v2\/pages\/738\/revisions\/4531"}],"wp:attachment":[{"href":"https:\/\/www.annika-zang.com\/en\/wp-json\/wp\/v2\/media?parent=738"}],"curies":[{"name":"wp","href":"https:\/\/api.w.org\/{rel}","templated":true}]}}